{"id":97,"date":"2018-12-04T16:59:03","date_gmt":"2018-12-04T18:59:03","guid":{"rendered":"http:\/\/eletrotecnica.ibiruba.ifrs.edu.br\/?page_id=97"},"modified":"2020-01-15T18:39:58","modified_gmt":"2020-01-15T20:39:58","slug":"docentes-tecnicos","status":"publish","type":"page","link":"https:\/\/eletrotecnica.ibiruba.ifrs.edu.br\/index.php\/docentes-tecnicos\/","title":{"rendered":"Docentes\/T\u00e9cnicos"},"content":{"rendered":"\n<figure class=\"wp-block-image\"><img loading=\"lazy\" decoding=\"async\" width=\"300\" height=\"83\" src=\"http:\/\/eletrotecnica.ibiruba.ifrs.edu.br\/wp-content\/uploads\/2019\/12\/logo_horizontal_composto-300x83.png\" alt=\"\" class=\"wp-image-1940\" srcset=\"https:\/\/eletrotecnica.ibiruba.ifrs.edu.br\/wp-content\/uploads\/2019\/12\/logo_horizontal_composto-300x83.png 300w, https:\/\/eletrotecnica.ibiruba.ifrs.edu.br\/wp-content\/uploads\/2019\/12\/logo_horizontal_composto-150x42.png 150w, https:\/\/eletrotecnica.ibiruba.ifrs.edu.br\/wp-content\/uploads\/2019\/12\/logo_horizontal_composto-768x212.png 768w, https:\/\/eletrotecnica.ibiruba.ifrs.edu.br\/wp-content\/uploads\/2019\/12\/logo_horizontal_composto-1024x283.png 1024w\" sizes=\"auto, (max-width: 300px) 100vw, 300px\" \/><\/figure>\n\n\n\n<hr class=\"wp-block-separator\"\/>\n\n\n\n<h2 class=\"wp-block-heading\"><span style=\"color:#0693e3\" class=\"tadv-color\">Professores:<\/span><\/h2>\n\n\n\n<p style=\"text-align:center\"><strong>Edson Baal<\/strong><br><a href=\"mailto:edson.baal@ibiruba.ifrs.edu.br\">edson.baal@ibiruba.ifrs.edu.br<\/a><br><a href=\"http:\/\/lattes.cnpq.br\/6486375925830994\" target=\"_blank\" rel=\"noreferrer noopener\" aria-label=\" (opens in a new tab)\">Curr\u00edculo Lattes<\/a><\/p>\n\n\n\n<p style=\"text-align:center\"><strong>Fernanda Schneider<\/strong><br><a href=\"mailto:fernanda.schneider@ibiruba.ifrs.edu.br\">fernanda.schneider@ibiruba.ifrs.edu.br<\/a><br><a href=\"http:\/\/lattes.cnpq.br\/0363765005528268\" target=\"_blank\" rel=\"noreferrer noopener\" aria-label=\" (opens in a new tab)\">Curr\u00edculo Lattes<\/a><\/p>\n\n\n\n<p style=\"text-align:center\"><strong>Giancarlo Stefani Schleder<\/strong><br><a href=\"mailto:giancarlo.schleder@ibiruba.ifrs.edu.br\">giancarlo.schleder@ibiruba.ifrs.edu.br<\/a><br><a href=\"http:\/\/lattes.cnpq.br\/6313090535829330\" target=\"_blank\" rel=\"noreferrer noopener\" aria-label=\" (opens in a new tab)\">Curr\u00edculo Lattes<\/a><\/p>\n\n\n\n<p style=\"text-align:center\"><strong>Juliano Elesb\u00e3o Rathke<\/strong><br><a href=\"mailto:juliano.ratke@ibiruba.ifrs.edu.br\">juliano.ratke@ibiruba.ifrs.edu.br<\/a><br><a href=\"http:\/\/lattes.cnpq.br\/9033800079606773\" target=\"_blank\" rel=\"noreferrer noopener\" aria-label=\" (opens in a new tab)\">Curr\u00edculo Lattes<\/a><\/p>\n\n\n\n<p style=\"text-align:center\"><strong>Jefferson James Cunha de Souza<\/strong><br><a href=\"mailto:jefferson.souza@ibiruba.ifrs.edu.br\">jefferson.souza@ibiruba.ifrs.edu.br<\/a><br><a href=\"http:\/\/lattes.cnpq.br\/0253041254117106\" target=\"_blank\" rel=\"noreferrer noopener\" aria-label=\" (opens in a new tab)\">Curr\u00edculo Lattes<\/a><\/p>\n\n\n\n<p style=\"text-align:center\"><strong>Marco Aur\u00e9lio Moreira Saran<\/strong><br><a href=\"mailto:marco.saran@ibiruba.ifrs.edu.br\">marco.saran@ibiruba.ifrs.edu.br<\/a><br><a rel=\"noreferrer noopener\" aria-label=\" (opens in a new tab)\" href=\"http:\/\/lattes.cnpq.br\/6281132773203526\" target=\"_blank\">Curr\u00edculo Lattes<\/a><br><a rel=\"noreferrer noopener\" aria-label=\" (opens in a new tab)\" href=\"https:\/\/eng.msaran.com.br\/pt\/\" target=\"_blank\">Site Pessoal<\/a><\/p>\n\n\n\n<p style=\"text-align:center\"><strong>Mayara Corr\u00eaa Tavares<\/strong><br><a rel=\"noreferrer noopener\" aria-label=\" (opens in a new tab)\" href=\"mailto:mayara.tavares@ibiruba.ifrs.edu.br\" target=\"_blank\">mayara.tavares@ibiruba.ifrs.edu.br<\/a><br><a href=\"http:\/\/lattes.cnpq.br\/3413501370494488\" target=\"_blank\" rel=\"noreferrer noopener\" aria-label=\" (opens in a new tab)\">Curr\u00edculo Lattes<\/a><\/p>\n\n\n\n<p style=\"text-align:center\"><strong>Mois\u00e9s Nivaldo Cordeiro<\/strong><br><a href=\"mailto:moises.cordeiro@ibiruba.ifrs.edu.br\" target=\"_blank\" rel=\"noreferrer noopener\" aria-label=\" (opens in a new tab)\">moises.cordeiro@ibiruba.ifrs.edu.br<\/a><br><a rel=\"noreferrer noopener\" aria-label=\" (opens in a new tab)\" href=\"http:\/\/lattes.cnpq.br\/0267269170724144\" target=\"_blank\">Curr\u00edculo Lattes<\/a><\/p>\n\n\n\n<p style=\"text-align:center\"><strong>M\u00f4nica Giacomini<\/strong><br><a rel=\"noreferrer noopener\" aria-label=\" (opens in a new tab)\" href=\"mailto:monica.giacomini@ibiruba.ifrs.edu.br\" target=\"_blank\">monica.giacomini@ibiruba.ifrs.edu.br<\/a><br><a href=\"http:\/\/lattes.cnpq.br\/6733940356515731\" target=\"_blank\" rel=\"noreferrer noopener\" aria-label=\" (opens in a new tab)\">Curr\u00edculo Lattes<\/a><\/p>\n\n\n\n<p style=\"text-align:center\"><strong>Paulo Henrique Heitor Polon<\/strong><br><a href=\"mailto:paulo.polon@ibiruba.ifrs.edu.br\" target=\"_blank\" rel=\"noreferrer noopener\" aria-label=\" (opens in a new tab)\">paulo.polon@ibiruba.ifrs.edu.br<\/a><br><a rel=\"noreferrer noopener\" aria-label=\" (opens in a new tab)\" href=\"http:\/\/lattes.cnpq.br\/9604918505699847\" target=\"_blank\">Curr\u00edculo Lattes<\/a><\/p>\n\n\n\n<p style=\"text-align:center\"><strong>Rafael Zanatta Scapini &#8211; <em>Coordenador do Curso<\/em><\/strong><br><a rel=\"noreferrer noopener\" aria-label=\" (opens in a new tab)\" href=\"mailto:rafael.scapini@ibiruba.ifrs.edu.br\" target=\"_blank\">rafael.scapini@ibiruba.ifrs.edu.br<\/a><br><a rel=\"noreferrer noopener\" aria-label=\" (opens in a new tab)\" href=\"http:\/\/lattes.cnpq.br\/0080629600624186\" target=\"_blank\">Curr\u00edculo Lattes<\/a><\/p>\n\n\n\n<p style=\"text-align:center\"><strong>Raquel Lorensini Alberti<\/strong><br><a rel=\"noreferrer noopener\" aria-label=\" (opens in a new tab)\" href=\"mailto:raquel.alberti@ibiruba.ifrs.edu.br\" target=\"_blank\">raquel.alberti@ibiruba.ifrs.edu.br<\/a><br><a href=\"http:\/\/lattes.cnpq.br\/8299559962200501\" target=\"_blank\" rel=\"noreferrer noopener\" aria-label=\" (opens in a new tab)\">Curr\u00edculo Lattes<\/a><\/p>\n\n\n\n<hr class=\"wp-block-separator is-style-default\"\/>\n\n\n\n<h2 class=\"wp-block-heading\"><span style=\"color:#0693e3\" class=\"tadv-color\">T\u00e9cnicos laboratoristas:<\/span><\/h2>\n\n\n\n<p style=\"text-align:center\"><strong>Henrique Linhati Bitencourt<br><\/strong>T\u00e9cnico em Laborat\u00f3rio de Eletromec\u00e2nica<br><a href=\"mailto:henrique.bitencourt@ibiruba.ifrs.edu.br\">henrique.bitencourt@ibiruba.ifrs.edu.br<\/a><\/p>\n\n\n\n<p style=\"text-align:center\"><strong>Iuri Guissoni Quaglia<br><\/strong>T\u00e9cnico em Laborat\u00f3rio de Eletromec\u00e2nica<br><a href=\"mailto:iuri.quaglia@ibiruba.ifrs.edu.br\">iuri.quaglia@ibiruba.ifrs.edu.br<\/a><\/p>\n\n\n\n<p style=\"text-align:center\"><strong>Jovani Alberti<br><\/strong>T\u00e9cnico em Laborat\u00f3rio de Mec\u00e2nica<br><a href=\"mailto:jovani.alberti@ibiruba.ifrs.edu.br\">jovani.alberti@ibiruba.ifrs.edu.br<\/a><\/p>\n\n\n\n<hr class=\"wp-block-separator is-style-dots\"\/>\n\n\n\n<div class=\"wp-block-image\"><figure class=\"alignright is-resized\"><img loading=\"lazy\" decoding=\"async\" src=\"http:\/\/eletrotecnica.ibiruba.ifrs.edu.br\/wp-content\/uploads\/2019\/06\/IFlogo_horizontal-300x83.png\" alt=\"T\u00e9cnico em Eletrot\u00e9cnica IFRS IBIRUB\u00c1\" class=\"wp-image-1176\" width=\"150\" height=\"42\" srcset=\"https:\/\/eletrotecnica.ibiruba.ifrs.edu.br\/wp-content\/uploads\/2019\/06\/IFlogo_horizontal-300x83.png 300w, https:\/\/eletrotecnica.ibiruba.ifrs.edu.br\/wp-content\/uploads\/2019\/06\/IFlogo_horizontal-768x213.png 768w, https:\/\/eletrotecnica.ibiruba.ifrs.edu.br\/wp-content\/uploads\/2019\/06\/IFlogo_horizontal-1024x284.png 1024w\" sizes=\"auto, (max-width: 150px) 100vw, 150px\" \/><\/figure><\/div>\n","protected":false},"excerpt":{"rendered":"<p>Professores: Edson Baaledson.baal@ibiruba.ifrs.edu.brCurr\u00edculo Lattes Fernanda Schneiderfernanda.schneider@ibiruba.ifrs.edu.brCurr\u00edculo Lattes Giancarlo Stefani Schledergiancarlo.schleder@ibiruba.ifrs.edu.brCurr\u00edculo Lattes Juliano Elesb\u00e3o Rathkejuliano.ratke@ibiruba.ifrs.edu.brCurr\u00edculo Lattes Jefferson James Cunha de Souzajefferson.souza@ibiruba.ifrs.edu.brCurr\u00edculo Lattes Marco Aur\u00e9lio Moreira Saranmarco.saran@ibiruba.ifrs.edu.brCurr\u00edculo LattesSite Pessoal Mayara Corr\u00eaa Tavaresmayara.tavares@ibiruba.ifrs.edu.brCurr\u00edculo Lattes Mois\u00e9s Nivaldo Cordeiromoises.cordeiro@ibiruba.ifrs.edu.brCurr\u00edculo Lattes M\u00f4nica Giacominimonica.giacomini@ibiruba.ifrs.edu.brCurr\u00edculo Lattes Paulo Henrique Heitor Polonpaulo.polon@ibiruba.ifrs.edu.brCurr\u00edculo Lattes Rafael Zanatta Scapini &#8211; Coordenador do Cursorafael.scapini@ibiruba.ifrs.edu.brCurr\u00edculo Lattes Raquel Lorensini Albertiraquel.alberti@ibiruba.ifrs.edu.brCurr\u00edculo Lattes [&hellip;]<\/p>\n","protected":false},"author":1,"featured_media":0,"parent":0,"menu_order":0,"comment_status":"closed","ping_status":"closed","template":"","meta":{"footnotes":""},"class_list":["post-97","page","type-page","status-publish","hentry"],"_links":{"self":[{"href":"https:\/\/eletrotecnica.ibiruba.ifrs.edu.br\/index.php\/wp-json\/wp\/v2\/pages\/97","targetHints":{"allow":["GET"]}}],"collection":[{"href":"https:\/\/eletrotecnica.ibiruba.ifrs.edu.br\/index.php\/wp-json\/wp\/v2\/pages"}],"about":[{"href":"https:\/\/eletrotecnica.ibiruba.ifrs.edu.br\/index.php\/wp-json\/wp\/v2\/types\/page"}],"author":[{"embeddable":true,"href":"https:\/\/eletrotecnica.ibiruba.ifrs.edu.br\/index.php\/wp-json\/wp\/v2\/users\/1"}],"replies":[{"embeddable":true,"href":"https:\/\/eletrotecnica.ibiruba.ifrs.edu.br\/index.php\/wp-json\/wp\/v2\/comments?post=97"}],"version-history":[{"count":24,"href":"https:\/\/eletrotecnica.ibiruba.ifrs.edu.br\/index.php\/wp-json\/wp\/v2\/pages\/97\/revisions"}],"predecessor-version":[{"id":2002,"href":"https:\/\/eletrotecnica.ibiruba.ifrs.edu.br\/index.php\/wp-json\/wp\/v2\/pages\/97\/revisions\/2002"}],"wp:attachment":[{"href":"https:\/\/eletrotecnica.ibiruba.ifrs.edu.br\/index.php\/wp-json\/wp\/v2\/media?parent=97"}],"curies":[{"name":"wp","href":"https:\/\/api.w.org\/{rel}","templated":true}]}}