{"id":657,"date":"2019-03-21T03:02:30","date_gmt":"2019-03-21T06:02:30","guid":{"rendered":"http:\/\/eletrotecnica.ibiruba.ifrs.edu.br\/?page_id=657"},"modified":"2019-12-22T15:22:56","modified_gmt":"2019-12-22T17:22:56","slug":"eletricidade-e-eletronica","status":"publish","type":"page","link":"https:\/\/eletrotecnica.ibiruba.ifrs.edu.br\/index.php\/lab-eletrotecnica\/eletricidade-e-eletronica\/","title":{"rendered":"Agenda Lab. Eletricidade e Eletr\u00f4nica"},"content":{"rendered":"\n<figure class=\"wp-block-image\"><img loading=\"lazy\" decoding=\"async\" width=\"300\" height=\"83\" src=\"http:\/\/eletrotecnica.ibiruba.ifrs.edu.br\/wp-content\/uploads\/2019\/12\/logo_horizontal_composto-300x83.png\" alt=\"\" class=\"wp-image-1940\" srcset=\"https:\/\/eletrotecnica.ibiruba.ifrs.edu.br\/wp-content\/uploads\/2019\/12\/logo_horizontal_composto-300x83.png 300w, https:\/\/eletrotecnica.ibiruba.ifrs.edu.br\/wp-content\/uploads\/2019\/12\/logo_horizontal_composto-150x42.png 150w, https:\/\/eletrotecnica.ibiruba.ifrs.edu.br\/wp-content\/uploads\/2019\/12\/logo_horizontal_composto-768x212.png 768w, https:\/\/eletrotecnica.ibiruba.ifrs.edu.br\/wp-content\/uploads\/2019\/12\/logo_horizontal_composto-1024x283.png 1024w\" sizes=\"auto, (max-width: 300px) 100vw, 300px\" \/><\/figure>\n\n\n\n<hr class=\"wp-block-separator\"\/>\n\n\n\n<h2 class=\"wp-block-heading\"><span style=\"color:#0693e3\" class=\"tadv-color\">Gest\u00e3o de Laborat\u00f3rio<\/span><\/h2>\n\n\n\n<p style=\"text-align:left\"><strong>Gestor respons\u00e1vel:<\/strong> <em>Prof. Rafael Zanatta Scapini<\/em><br><strong>e-mail:<\/strong> rafael.scapini@ibiruba.ifrs.edu.br<\/p>\n\n\n\n<p>A gest\u00e3o dos laborat\u00f3rios do Curso T\u00e9cnico em Eletrot\u00e9cnica tem o objetivo de preservar e promover a democratiza\u00e7\u00e3o do uso dos espa\u00e7os de laborat\u00f3rio.<\/p>\n\n\n\n<p><strong>O Gestor tem a responsabilidade <\/strong>de gerenciar<\/p>\n\n\n\n<ul class=\"wp-block-list\"><li>as <a rel=\"noreferrer noopener\" href=\"https:\/\/docs.google.com\/spreadsheets\/d\/1kNFonxlNtG5v7SlpUJM0vaTylZfTFcN0NbPbLb1YjfM\/edit?usp=sharing\" target=\"_blank\">Demandas de manuten\u00e7\u00f5es do laborat\u00f3rio<\/a>;<\/li><li>as <a rel=\"noreferrer noopener\" href=\"https:\/\/docs.google.com\/spreadsheets\/d\/138GTDCL-Llwl4kOU6FPdovs_TnkyyscgFQfHfAmRQUA\/edit?usp=sharing\" target=\"_blank\">Demandas de materiais<\/a>;<\/li><li>e solicitar para aquisi\u00e7\u00e3o os materiais homologados, conforme <a rel=\"noreferrer noopener\" href=\"https:\/\/docs.google.com\/spreadsheets\/d\/1ShtvxesPuAewzZgOdmpUZK3nZa5DLLPOVrAdYw0PHkE\/edit#gid=985769372\" target=\"_blank\">Controle interno de aquisi\u00e7\u00f5es<\/a>.<\/li><\/ul>\n\n\n\n<p><strong>\u00c9 responsabilidade do coordenador<\/strong> promover a execu\u00e7\u00e3o das atividades e organizar hor\u00e1rios de reserva para Manuten\u00e7\u00e3o Programada e gerenciar as demandas internas e fluxo de aquisi\u00e7\u00f5es.<\/p>\n\n\n\n<p><strong>O usu\u00e1rio tem o dever <\/strong>de realizar o agendamento pr\u00e9vio no sistema de reservas, solicitando o acompanhamento t\u00e9cnico, materiais e equipamentos adequados \u00e0 atividade a ser realizada.<\/p>\n\n\n\n<hr class=\"wp-block-separator is-style-wide\"\/>\n\n\n\n<h2 class=\"wp-block-heading\"><span style=\"color:#0693e3\" class=\"tadv-color\">Agendamento<\/span><\/h2>\n\n\n\n<p>O agendamento do espa\u00e7o de laborat\u00f3rio pode ser realizado por qualquer servidor autorizado mediante autoriza\u00e7\u00e3o do Gestor do Laborat\u00f3rio, com o qual devem ser tomadas as devidas provid\u00eancias para utiliza\u00e7\u00e3o: modo de acesso, acompanhamento t\u00e9cnico, materiais, etc&#8230;<\/p>\n\n\n\n<p>Uma vez verificada a disponibilidade hor\u00e1rio, dispon\u00edvel abaixo atrav\u00e9s do Google Calendar, a reserva pode ser realizada diretamente atrav\u00e9s da conta institucional do servidor, o qual dever\u00e1 contatar o gestor para tratar das condi\u00e7\u00f5es de acesso pelo e-mail:<\/p>\n\n\n\n<p style=\"text-align:center\"><strong>e-mail:<\/strong> <a href=\"http:\/\/mail-to:rafael.scapini@ibiruba.ifrs.edu.br\">rafael.scapini@ibiruba.ifrs.edu.br<\/a><\/p>\n\n\n\n<p style=\"text-align:center\"><strong>Acesso \u00e0 <\/strong><a rel=\"noreferrer noopener\" href=\"https:\/\/calendar.google.com\/calendar\/r\" target=\"_blank\"><strong>Agenda Google<\/strong><\/a><\/p>\n\n\n\n<p style=\"text-align:center\"><strong>Durante sua pr\u00e1tica em laborat\u00f3rio, utilize os EPIs necess\u00e1rios e elabore seu trabalho com seguran\u00e7a e supervis\u00e3o de um t\u00e9cnico capacitado.<\/strong> <\/p>\n\n\n\n<p>Consulte as demais regras e regulamento dos laborat\u00f3rios <a rel=\"noreferrer noopener\" aria-label=\"Aqui (opens in a new tab)\" href=\"http:\/\/eletrotecnica.ibiruba.ifrs.edu.br\/index.php\/lab-eletrotecnica\/\" target=\"_blank\">Aqui<\/a>.<\/p>\n\n\n\n<figure><iframe loading=\"lazy\" src=\"https:\/\/calendar.google.com\/calendar\/b\/2\/embed?showTitle=0&amp;showCalendars=0&amp;mode=WEEK&amp;height=600&amp;wkst=1&amp;bgcolor=%23FFFFFF&amp;src=ibiruba.ifrs.edu.br_6v14pp7jhj2ch5uh6g19a425m0%40group.calendar.google.com&amp;color=%23B1440E&amp;ctz=America%2FSao_Paulo\" width=\"670\" height=\"670\"><\/iframe><\/figure>\n\n\n\n<div class=\"wp-block-image\"><figure class=\"alignright is-resized\"><img loading=\"lazy\" decoding=\"async\" src=\"http:\/\/eletrotecnica.ibiruba.ifrs.edu.br\/wp-content\/uploads\/2019\/06\/IFlogo_horizontal-300x83.png\" alt=\"T\u00e9cnico em Eletrot\u00e9cnica IFRS IBIRUB\u00c1\" class=\"wp-image-1176\" width=\"150\" height=\"42\" srcset=\"https:\/\/eletrotecnica.ibiruba.ifrs.edu.br\/wp-content\/uploads\/2019\/06\/IFlogo_horizontal-300x83.png 300w, https:\/\/eletrotecnica.ibiruba.ifrs.edu.br\/wp-content\/uploads\/2019\/06\/IFlogo_horizontal-768x213.png 768w, https:\/\/eletrotecnica.ibiruba.ifrs.edu.br\/wp-content\/uploads\/2019\/06\/IFlogo_horizontal-1024x284.png 1024w\" sizes=\"auto, (max-width: 150px) 100vw, 150px\" \/><\/figure><\/div>\n","protected":false},"excerpt":{"rendered":"<p>Gest\u00e3o de Laborat\u00f3rio Gestor respons\u00e1vel: Prof. Rafael Zanatta Scapinie-mail: rafael.scapini@ibiruba.ifrs.edu.br A gest\u00e3o dos laborat\u00f3rios do Curso T\u00e9cnico em Eletrot\u00e9cnica tem o objetivo de preservar e promover a democratiza\u00e7\u00e3o do uso dos espa\u00e7os de laborat\u00f3rio. O Gestor tem a responsabilidade de gerenciar as Demandas de manuten\u00e7\u00f5es do laborat\u00f3rio; as Demandas de materiais; e solicitar para aquisi\u00e7\u00e3o [&hellip;]<\/p>\n","protected":false},"author":1,"featured_media":1084,"parent":433,"menu_order":0,"comment_status":"closed","ping_status":"closed","template":"","meta":{"footnotes":""},"class_list":["post-657","page","type-page","status-publish","has-post-thumbnail","hentry"],"_links":{"self":[{"href":"https:\/\/eletrotecnica.ibiruba.ifrs.edu.br\/index.php\/wp-json\/wp\/v2\/pages\/657","targetHints":{"allow":["GET"]}}],"collection":[{"href":"https:\/\/eletrotecnica.ibiruba.ifrs.edu.br\/index.php\/wp-json\/wp\/v2\/pages"}],"about":[{"href":"https:\/\/eletrotecnica.ibiruba.ifrs.edu.br\/index.php\/wp-json\/wp\/v2\/types\/page"}],"author":[{"embeddable":true,"href":"https:\/\/eletrotecnica.ibiruba.ifrs.edu.br\/index.php\/wp-json\/wp\/v2\/users\/1"}],"replies":[{"embeddable":true,"href":"https:\/\/eletrotecnica.ibiruba.ifrs.edu.br\/index.php\/wp-json\/wp\/v2\/comments?post=657"}],"version-history":[{"count":29,"href":"https:\/\/eletrotecnica.ibiruba.ifrs.edu.br\/index.php\/wp-json\/wp\/v2\/pages\/657\/revisions"}],"predecessor-version":[{"id":1966,"href":"https:\/\/eletrotecnica.ibiruba.ifrs.edu.br\/index.php\/wp-json\/wp\/v2\/pages\/657\/revisions\/1966"}],"up":[{"embeddable":true,"href":"https:\/\/eletrotecnica.ibiruba.ifrs.edu.br\/index.php\/wp-json\/wp\/v2\/pages\/433"}],"wp:featuredmedia":[{"embeddable":true,"href":"https:\/\/eletrotecnica.ibiruba.ifrs.edu.br\/index.php\/wp-json\/wp\/v2\/media\/1084"}],"wp:attachment":[{"href":"https:\/\/eletrotecnica.ibiruba.ifrs.edu.br\/index.php\/wp-json\/wp\/v2\/media?parent=657"}],"curies":[{"name":"wp","href":"https:\/\/api.w.org\/{rel}","templated":true}]}}