{"id":433,"date":"2019-01-24T15:02:15","date_gmt":"2019-01-24T17:02:15","guid":{"rendered":"http:\/\/eletrotecnica.ibiruba.ifrs.edu.br\/?page_id=433"},"modified":"2019-12-22T15:29:48","modified_gmt":"2019-12-22T17:29:48","slug":"lab-eletrotecnica","status":"publish","type":"page","link":"https:\/\/eletrotecnica.ibiruba.ifrs.edu.br\/index.php\/lab-eletrotecnica\/","title":{"rendered":"Laborat\u00f3rios"},"content":{"rendered":"\n<figure class=\"wp-block-image\"><img loading=\"lazy\" decoding=\"async\" width=\"300\" height=\"83\" src=\"http:\/\/eletrotecnica.ibiruba.ifrs.edu.br\/wp-content\/uploads\/2019\/12\/logo_horizontal_composto-300x83.png\" alt=\"\" class=\"wp-image-1940\" srcset=\"https:\/\/eletrotecnica.ibiruba.ifrs.edu.br\/wp-content\/uploads\/2019\/12\/logo_horizontal_composto-300x83.png 300w, https:\/\/eletrotecnica.ibiruba.ifrs.edu.br\/wp-content\/uploads\/2019\/12\/logo_horizontal_composto-150x42.png 150w, https:\/\/eletrotecnica.ibiruba.ifrs.edu.br\/wp-content\/uploads\/2019\/12\/logo_horizontal_composto-768x212.png 768w, https:\/\/eletrotecnica.ibiruba.ifrs.edu.br\/wp-content\/uploads\/2019\/12\/logo_horizontal_composto-1024x283.png 1024w\" sizes=\"auto, (max-width: 300px) 100vw, 300px\" \/><\/figure>\n\n\n\n<hr class=\"wp-block-separator\"\/>\n\n\n\n<p>O <em>Curso T\u00e9cnico em Eletrot\u00e9cnica<\/em> conta com quatro espa\u00e7os de Laborat\u00f3rios:<\/p>\n\n\n\n<ul class=\"wp-block-list\"><li><strong>Sala 1:<\/strong> Laborat\u00f3rio de Acionamentos e Motores El\u00e9tricos &gt;&gt; <a rel=\"noreferrer noopener\" href=\"http:\/\/eletrotecnica.ibiruba.ifrs.edu.br\/index.php\/lab-eletrotecnica\/acionamentos-e-automacao\/\" target=\"_blank\">Agenda<\/a><\/li><li><strong>Sala 1 (anexo):<\/strong> Laborat\u00f3rio de Automa\u00e7\u00e3o Industrial<\/li><li><strong>Sala 2:<\/strong> Laborat\u00f3rio de Instala\u00e7\u00f5es El\u00e9tricas e Sistemas de Pot\u00eancia &gt;&gt; <a rel=\"noreferrer noopener\" href=\"http:\/\/eletrotecnica.ibiruba.ifrs.edu.br\/index.php\/lab-eletrotecnica\/instalacoes-eletricas\/\" target=\"_blank\">Agenda<\/a><\/li><li><strong>Sala 3:<\/strong> Laborat\u00f3rios de Eletricidade e Eletr\u00f4nica &gt;&gt; <a href=\"http:\/\/eletrotecnica.ibiruba.ifrs.edu.br\/index.php\/lab-eletrotecnica\/eletricidade-e-eletronica\/\">Agenda<\/a><\/li><\/ul>\n\n\n\n<hr class=\"wp-block-separator is-style-default\"\/>\n\n\n\n<h2 class=\"wp-block-heading\"><span style=\"color:#0693e3\" class=\"tadv-color\">Est\u00e1 construindo seu Projeto de Pesquisa? Quer utilizar os laborat\u00f3rios em Aula Pr\u00e1tica?<\/span><\/h2>\n\n\n\n<p>Os Laborat\u00f3rios de Eletricidade podem ser usados por voc\u00ea! Consulte a Agenda do Laborat\u00f3rio de interesse para verificar como solicitar sua reserva.<\/p>\n\n\n\n<p>A organiza\u00e7\u00e3o dos agendamentos ser\u00e1 dada na forma:<\/p>\n\n\n\n<ol class=\"wp-block-list\"><li>Aulas e disciplinas curriculares;<\/li><li>Cursos e treinamentos;<\/li><li>Demais a\u00e7\u00f5es de Ensino, Pesquisa e Extens\u00e3o.<\/li><\/ol>\n\n\n\n<h3 class=\"wp-block-heading\"><span style=\"color:#0693e3\" class=\"tadv-color\">Regras de utiliza\u00e7\u00e3o:<\/span><\/h3>\n\n\n\n<p style=\"text-align:center\"><strong>Durante sua pr\u00e1tica em laborat\u00f3rio, utilize os EPIs necess\u00e1rios e elabore seu trabalho com seguran\u00e7a e supervis\u00e3o de um t\u00e9cnico capacitado. Execute seu trabalho com responsabilidade e consulte o<\/strong><br><strong><a rel=\"noopener noreferrer\" href=\"https:\/\/ifrs.edu.br\/ibiruba\/wp-content\/uploads\/sites\/4\/2017\/12\/Regulamento-dos-Laborat%C3%B3rios-1.pdf\" target=\"_blank\">Regulamento dos laborat\u00f3rios<\/a><\/strong>.<\/p>\n\n\n\n<p>O <em>Curso T\u00e9cnico em Eletrot\u00e9cnica<\/em> implementou um sistema de agendamento para facilitar seu acesso aos espa\u00e7os de laborat\u00f3rios extracurriculares. A utiliza\u00e7\u00e3o do <em>agendamento<\/em> \u00e9 imprescind\u00edvel para a organiza\u00e7\u00e3o, planejamento e manuten\u00e7\u00e3o desses espa\u00e7os, bem como para realiza\u00e7\u00e3o das atividades de Ensino, Pesquisa e Extens\u00e3o.<\/p>\n\n\n\n<p>Respeite as regras e especificidades de cada laborat\u00f3rio:<\/p>\n\n\n\n<ul class=\"wp-block-list\"><li><a href=\"http:\/\/eletrotecnica.ibiruba.ifrs.edu.br\/index.php\/lab-eletrotecnica\/acionamentos-e-automacao\/\">Lab. de Acionamentos e Motores El\u00e9tricos<\/a><\/li><li>Lab. de Automa\u00e7\u00e3o Industrial<\/li><li><a href=\"http:\/\/eletrotecnica.ibiruba.ifrs.edu.br\/index.php\/lab-eletrotecnica\/eletricidade-e-eletronica\/\">Lab. de Eletricidade e Eletr\u00f4nica<\/a><\/li><li><a href=\"http:\/\/eletrotecnica.ibiruba.ifrs.edu.br\/index.php\/lab-eletrotecnica\/instalacoes-eletricas\/\">Lab. de Instala\u00e7\u00f5es El\u00e9tricas e Sistemas de Pot\u00eancia<\/a><\/li><\/ul>\n\n\n\n<h3 class=\"wp-block-heading\"><span style=\"color: #000000;\" class=\"tadv-format-panel\"><span style=\"color:#0693e3\" class=\"tadv-color\">Movimenta\u00e7\u00e3o de patrim\u00f4nio e consum\u00edveis:<\/span><\/span><\/h3>\n\n\n\n<p>Toda e qualquer movimenta\u00e7\u00e3o de equipamentos e materiais deve ser solicitada ao <em>Gestor<\/em> do laborat\u00f3rio com a ci\u00eancia do Coordenador do Curso e do<em> Respons\u00e1vel de Patrim\u00f4nios<\/em> do Campus. Portanto, nunca remova materiais ou equipamentos do interior dos laborat\u00f3rios e n\u00e3o deposite em seu interior materiais estranhos a estes. <\/p>\n\n\n\n<p>Portanto, em caso de qualquer necessidade de movimenta\u00e7\u00e3o de materiais ou equipamentos, solicite autoriza\u00e7\u00e3o por meio do formul\u00e1rio abaixo para o Gestor do laborat\u00f3rio e Coordenador do Curso:<\/p>\n\n\n\n<ul class=\"wp-block-list\"><li><span style=\"color: #ff0000;\" class=\"tadv-format-panel\"><strong>[!]<\/strong><\/span> <a rel=\"noreferrer noopener\" href=\"http:\/\/eletrotecnica.ibiruba.ifrs.edu.br\/wp-content\/uploads\/2019\/03\/Autoriza%C3%A7%C3%A3o-para-Aloca%C3%A7%C3%A3o-de-Materiais-Curso-T%C3%A9cnico-em-Eletrot%C3%A9cnica.pdf\" target=\"_blank\">Autoriza\u00e7\u00e3o para Aloca\u00e7\u00e3o de Materiais<\/a>.<\/li><\/ul>\n\n\n\n<div class=\"wp-block-image\"><figure class=\"alignright is-resized\"><img loading=\"lazy\" decoding=\"async\" src=\"http:\/\/eletrotecnica.ibiruba.ifrs.edu.br\/wp-content\/uploads\/2019\/06\/IFlogo_horizontal-300x83.png\" alt=\"T\u00e9cnico em Eletrot\u00e9cnica IFRS IBIRUB\u00c1\" class=\"wp-image-1176\" width=\"150\" height=\"42\" srcset=\"https:\/\/eletrotecnica.ibiruba.ifrs.edu.br\/wp-content\/uploads\/2019\/06\/IFlogo_horizontal-300x83.png 300w, https:\/\/eletrotecnica.ibiruba.ifrs.edu.br\/wp-content\/uploads\/2019\/06\/IFlogo_horizontal-768x213.png 768w, https:\/\/eletrotecnica.ibiruba.ifrs.edu.br\/wp-content\/uploads\/2019\/06\/IFlogo_horizontal-1024x284.png 1024w\" sizes=\"auto, (max-width: 150px) 100vw, 150px\" \/><\/figure><\/div>\n","protected":false},"excerpt":{"rendered":"<p>O Curso T\u00e9cnico em Eletrot\u00e9cnica conta com quatro espa\u00e7os de Laborat\u00f3rios: Sala 1: Laborat\u00f3rio de Acionamentos e Motores El\u00e9tricos &gt;&gt; Agenda Sala 1 (anexo): Laborat\u00f3rio de Automa\u00e7\u00e3o Industrial Sala 2: Laborat\u00f3rio de Instala\u00e7\u00f5es El\u00e9tricas e Sistemas de Pot\u00eancia &gt;&gt; Agenda Sala 3: Laborat\u00f3rios de Eletricidade e Eletr\u00f4nica &gt;&gt; Agenda Est\u00e1 construindo seu Projeto de Pesquisa? [&hellip;]<\/p>\n","protected":false},"author":1,"featured_media":1084,"parent":0,"menu_order":0,"comment_status":"closed","ping_status":"closed","template":"","meta":{"footnotes":""},"class_list":["post-433","page","type-page","status-publish","has-post-thumbnail","hentry"],"_links":{"self":[{"href":"https:\/\/eletrotecnica.ibiruba.ifrs.edu.br\/index.php\/wp-json\/wp\/v2\/pages\/433","targetHints":{"allow":["GET"]}}],"collection":[{"href":"https:\/\/eletrotecnica.ibiruba.ifrs.edu.br\/index.php\/wp-json\/wp\/v2\/pages"}],"about":[{"href":"https:\/\/eletrotecnica.ibiruba.ifrs.edu.br\/index.php\/wp-json\/wp\/v2\/types\/page"}],"author":[{"embeddable":true,"href":"https:\/\/eletrotecnica.ibiruba.ifrs.edu.br\/index.php\/wp-json\/wp\/v2\/users\/1"}],"replies":[{"embeddable":true,"href":"https:\/\/eletrotecnica.ibiruba.ifrs.edu.br\/index.php\/wp-json\/wp\/v2\/comments?post=433"}],"version-history":[{"count":88,"href":"https:\/\/eletrotecnica.ibiruba.ifrs.edu.br\/index.php\/wp-json\/wp\/v2\/pages\/433\/revisions"}],"predecessor-version":[{"id":1971,"href":"https:\/\/eletrotecnica.ibiruba.ifrs.edu.br\/index.php\/wp-json\/wp\/v2\/pages\/433\/revisions\/1971"}],"wp:featuredmedia":[{"embeddable":true,"href":"https:\/\/eletrotecnica.ibiruba.ifrs.edu.br\/index.php\/wp-json\/wp\/v2\/media\/1084"}],"wp:attachment":[{"href":"https:\/\/eletrotecnica.ibiruba.ifrs.edu.br\/index.php\/wp-json\/wp\/v2\/media?parent=433"}],"curies":[{"name":"wp","href":"https:\/\/api.w.org\/{rel}","templated":true}]}}