{"id":409,"date":"2019-01-08T15:08:29","date_gmt":"2019-01-08T17:08:29","guid":{"rendered":"http:\/\/eletrotecnica.ibiruba.ifrs.edu.br\/?page_id=409"},"modified":"2019-07-13T13:37:15","modified_gmt":"2019-07-13T16:37:15","slug":"ingresso-ifrs-eletrotecnica","status":"publish","type":"page","link":"https:\/\/eletrotecnica.ibiruba.ifrs.edu.br\/index.php\/ingresso-ifrs-eletrotecnica\/","title":{"rendered":"Ingresso"},"content":{"rendered":"\n<div class=\"wp-block-image\"><figure class=\"alignright is-resized\"><img loading=\"lazy\" decoding=\"async\" src=\"http:\/\/eletrotecnica.ibiruba.ifrs.edu.br\/wp-content\/uploads\/2019\/04\/header-selo-e1556904856295.png\" alt=\"Instituto Federal - Gratuito e de qualidade\" class=\"wp-image-1062\" width=\"122\" height=\"101\"\/><\/figure><\/div>\n\n\n\n<p class=\"has-small-font-size\"><strong><span style=\"color:#cf2e2e\" class=\"tadv-color\"><em>Fique atento!<\/em><\/span><\/strong><em> O processo de ingresso aos cursos do IFRS est\u00e1 atualmente em discuss\u00e3o no \u00e2mbito da institui\u00e7\u00e3o. Portanto, a distribui\u00e7\u00e3o de vagas pode sofrer modifica\u00e7\u00f5es ainda para o pr\u00f3ximo processo seletivo.<\/em><\/p>\n\n\n\n<p>O Curso T\u00e9cnico em Eletrot\u00e9cnica disp\u00f5e de <strong>30 vagas<\/strong> anuais para ingresso no IFRS &#8211; Campus Ibirub\u00e1. Dessas 30 vagas,<\/p>\n\n\n\n<ul class=\"wp-block-list\"><li>15 vagas s\u00e3o&nbsp;destinadas ao <em>Processo Seletivo<\/em>, e<\/li><li>15 vagas s\u00e3o&nbsp;destinadas \u00e0 modalidade de ingresso <em>Enem.<\/em><\/li><\/ul>\n\n\n\n<p><strong><span style=\"color:#cf2e2e\" class=\"tadv-color\">[ ! ] Se liga!<\/span><\/strong> &nbsp;As vagas n\u00e3o ocupadas na modalidade de ingresso <em>Enem<\/em>&nbsp;s\u00e3o destinadas aos candidatos do <em>Processo Seletivo<\/em>.<\/p>\n\n\n\n<hr class=\"wp-block-separator is-style-wide\"\/>\n\n\n\n<p>Em caso de d\u00favida envie e-mail para o coordenador do Curso T\u00e9cnico em Eletrot\u00e9cnica:&nbsp;<em><a href=\"mailto:teceletrotecnica@ibiruba.ifrs.edu.br\">teceletrotecnica@ibiruba.ifrs.edu.br<\/a><\/em>.<\/p>\n\n\n\n<hr class=\"wp-block-separator is-style-wide\"\/>\n\n\n\n<hr class=\"wp-block-separator is-style-wide\"\/>\n\n\n\n<p style=\"text-align:center\">** Conhe\u00e7a as not\u00edcias de processos anteriores **<\/p>\n\n\n\n<h4 class=\"wp-block-heading\"><span style=\"color:#0693e3\" class=\"tadv-color\">Processo Seletivo <\/span><em><span style=\"color:#0693e3\" class=\"tadv-color\">Complementar<\/span><\/em><span style=\"color:#0693e3\" class=\"tadv-color\"> 2019-1 [Finalizado]<\/span><\/h4>\n\n\n\n<p><strong><span style=\"color: #ff0000;\" class=\"tadv-format-panel\">Aten\u00e7\u00e3o!<\/span><\/strong> Publicados os resultados do <em>Processo Seletivo Complementar 2019-1<\/em>! Acesse a p\u00e1gina de ingresso&nbsp;<a rel=\"noopener noreferrer\" href=\"https:\/\/ingresso.ifrs.edu.br\/2019-complementar\/chamadas\/\" target=\"_blank\">Aqui<\/a><em>.<\/em><\/p>\n\n\n\n<p>O Processo Seletivo Complementar \u00e9 uma nova oportunidade para ingresso no IFRS &#8211; <em>Campus Ibirub\u00e1<\/em>! Est\u00e1 aberto o Processo Seletivo Complementar para ingresso nos seguintes cursos:<\/p>\n\n\n\n<ul class=\"wp-block-list\"><li><span style=\"color: #ff6600;\" class=\"tadv-format-panel\"><strong>T\u00e9cnico em Eletrot\u00e9cnica &#8212; Noturno (Subsequente) &#8212; 10 vagas!<\/strong><\/span><\/li><li>T\u00e9cnico em Mec\u00e2nica &#8212; Noturno (Subsequente) &#8212; 15 vagas!<\/li><li>Matem\u00e1tica &#8212; Noturno (Licenciatura) &#8212; 9 vagas!<\/li><\/ul>\n\n\n\n<p>Como fa\u00e7o minha inscri\u00e7\u00e3o?<\/p>\n\n\n\n<p>Para concorrer a uma das&nbsp;<span style=\"color: #000000;\"><strong>10 vagas<\/strong><\/span>&nbsp;no Curso T\u00e9cnico em Eletrot\u00e9cnica acesse o Portal de Inscri\u00e7\u00e3o do IFRS em:&nbsp;<a href=\"https:\/\/ingresso.ifrs.edu.br\/2019-complementar\/\">https:\/\/ingresso.ifrs.edu.br\/2019-complementar\/<\/a>.<\/p>\n\n\n\n<p>As inscri\u00e7\u00f5es acontecem no per\u00edodo de&nbsp;<strong>14\/02 a 18\/02<\/strong>, sem taxa de inscri\u00e7\u00e3o.&nbsp;A sele\u00e7\u00e3o se dar\u00e1 mediante sorteio p\u00fablico.<\/p>\n\n\n\n<hr class=\"wp-block-separator is-style-wide\"\/>\n\n\n\n<h4 class=\"wp-block-heading\"><span style=\"color:#0693e3\" class=\"tadv-color\">Processo Seletivo 2019-1 [Finalizado]<\/span><\/h4>\n\n\n\n<p>O Curso T\u00e9cnico em Eletrot\u00e9cnica disp\u00f5e de <strong>30 vagas<\/strong> para ingresso no IFRS &#8211; Campus Ibirub\u00e1. Dessas 30 vagas,<\/p>\n\n\n\n<ul class=\"wp-block-list\"><li>15 vagas s\u00e3o&nbsp;destinadas ao <em>Processo Seletivo<\/em>, e<\/li><li>15 vagas s\u00e3o&nbsp;destinadas \u00e0 modalidade de ingresso <em>Enem.<\/em><\/li><\/ul>\n\n\n\n<p><strong>Fique ligado!<\/strong> &nbsp;As vagas n\u00e3o ocupadas na modalidade de ingresso <em>Enem<\/em>&nbsp;s\u00e3o destinadas aos candidatos do <em>Processo Seletivo<\/em>.<\/p>\n\n\n\n<p>Tendo em vista o baixo n\u00famero de inscritos pelo&nbsp;<em>Enem<\/em>&nbsp;nos processos anteriores, estima-se que candidatos do processo seletivo n\u00e3o contemplados na primeira lista ainda ser\u00e3o chamados para completar as vagas. Observe o cronograma das chamadas e data de matr\u00edcula!<\/p>\n\n\n\n<ul class=\"wp-block-list\"><li><a rel=\"noopener noreferrer\" href=\"https:\/\/ingresso.ifrs.edu.br\/2019\/publicacoes\/cronograma\/\" target=\"_blank\">Cronograma do Processo Seletivo IFRS 2019\/1<\/a><\/li><li><a rel=\"noopener noreferrer\" href=\"https:\/\/ingresso.ifrs.edu.br\/2019\/chamadas\/1a-chamada-13\/\" target=\"_blank\">Lista de classificados em <em>primeira chamada<\/em> e informa\u00e7\u00f5es para matr\u00edcula<\/a><\/li><\/ul>\n\n\n\n<hr class=\"wp-block-separator is-style-wide\"\/>\n","protected":false},"excerpt":{"rendered":"<p>Fique atento! O processo de ingresso aos cursos do IFRS est\u00e1 atualmente em discuss\u00e3o no \u00e2mbito da institui\u00e7\u00e3o. Portanto, a distribui\u00e7\u00e3o de vagas pode sofrer modifica\u00e7\u00f5es ainda para o pr\u00f3ximo processo seletivo. O Curso T\u00e9cnico em Eletrot\u00e9cnica disp\u00f5e de 30 vagas anuais para ingresso no IFRS &#8211; Campus Ibirub\u00e1. Dessas 30 vagas, 15 vagas s\u00e3o&nbsp;destinadas [&hellip;]<\/p>\n","protected":false},"author":1,"featured_media":1062,"parent":0,"menu_order":0,"comment_status":"closed","ping_status":"closed","template":"","meta":{"footnotes":""},"class_list":["post-409","page","type-page","status-publish","has-post-thumbnail","hentry"],"_links":{"self":[{"href":"https:\/\/eletrotecnica.ibiruba.ifrs.edu.br\/index.php\/wp-json\/wp\/v2\/pages\/409","targetHints":{"allow":["GET"]}}],"collection":[{"href":"https:\/\/eletrotecnica.ibiruba.ifrs.edu.br\/index.php\/wp-json\/wp\/v2\/pages"}],"about":[{"href":"https:\/\/eletrotecnica.ibiruba.ifrs.edu.br\/index.php\/wp-json\/wp\/v2\/types\/page"}],"author":[{"embeddable":true,"href":"https:\/\/eletrotecnica.ibiruba.ifrs.edu.br\/index.php\/wp-json\/wp\/v2\/users\/1"}],"replies":[{"embeddable":true,"href":"https:\/\/eletrotecnica.ibiruba.ifrs.edu.br\/index.php\/wp-json\/wp\/v2\/comments?post=409"}],"version-history":[{"count":41,"href":"https:\/\/eletrotecnica.ibiruba.ifrs.edu.br\/index.php\/wp-json\/wp\/v2\/pages\/409\/revisions"}],"predecessor-version":[{"id":1301,"href":"https:\/\/eletrotecnica.ibiruba.ifrs.edu.br\/index.php\/wp-json\/wp\/v2\/pages\/409\/revisions\/1301"}],"wp:featuredmedia":[{"embeddable":true,"href":"https:\/\/eletrotecnica.ibiruba.ifrs.edu.br\/index.php\/wp-json\/wp\/v2\/media\/1062"}],"wp:attachment":[{"href":"https:\/\/eletrotecnica.ibiruba.ifrs.edu.br\/index.php\/wp-json\/wp\/v2\/media?parent=409"}],"curies":[{"name":"wp","href":"https:\/\/api.w.org\/{rel}","templated":true}]}}