{"id":243,"date":"2018-12-11T14:50:44","date_gmt":"2018-12-11T16:50:44","guid":{"rendered":"http:\/\/eletrotecnica.ibiruba.ifrs.edu.br\/?page_id=243"},"modified":"2019-12-22T15:30:08","modified_gmt":"2019-12-22T17:30:08","slug":"alunos","status":"publish","type":"page","link":"https:\/\/eletrotecnica.ibiruba.ifrs.edu.br\/index.php\/alunos\/","title":{"rendered":"Alunos"},"content":{"rendered":"\n<figure class=\"wp-block-image\"><img loading=\"lazy\" decoding=\"async\" width=\"300\" height=\"83\" src=\"http:\/\/eletrotecnica.ibiruba.ifrs.edu.br\/wp-content\/uploads\/2019\/12\/logo_horizontal_composto-300x83.png\" alt=\"\" class=\"wp-image-1940\" srcset=\"https:\/\/eletrotecnica.ibiruba.ifrs.edu.br\/wp-content\/uploads\/2019\/12\/logo_horizontal_composto-300x83.png 300w, https:\/\/eletrotecnica.ibiruba.ifrs.edu.br\/wp-content\/uploads\/2019\/12\/logo_horizontal_composto-150x42.png 150w, https:\/\/eletrotecnica.ibiruba.ifrs.edu.br\/wp-content\/uploads\/2019\/12\/logo_horizontal_composto-768x212.png 768w, https:\/\/eletrotecnica.ibiruba.ifrs.edu.br\/wp-content\/uploads\/2019\/12\/logo_horizontal_composto-1024x283.png 1024w\" sizes=\"auto, (max-width: 300px) 100vw, 300px\" \/><\/figure>\n\n\n\n<hr class=\"wp-block-separator\"\/>\n\n\n\n<h2 class=\"wp-block-heading\"><span style=\"color:#0693e3\" class=\"tadv-color\">As disciplinas 2020\/1 j\u00e1 est\u00e3o dispon\u00edveis na plataforma Moodle<\/span><\/h2>\n\n\n\n<p>As disciplinas para o semestre de 2020\/1 j\u00e1 est\u00e3o dispon\u00edveis na plataforma Moodle. Acesse a disciplina em que est\u00e1 matriculado e use a senha: <em><strong>ELE2020<\/strong><\/em><\/p>\n\n\n\n<p style=\"text-align:right\"><strong>Dica: para facilitar o acompanhamento do seu desempenho nas disciplinas, instale o App oficial <\/strong><em><strong>Moodle<\/strong><\/em><strong>, diretamente na sua <\/strong><em><strong>App Store<\/strong><\/em><strong> ou <\/strong><em><strong>Google Play<\/strong><\/em><strong>.<\/strong><\/p>\n\n\n\n<hr class=\"wp-block-separator\"\/>\n\n\n\n<h2 class=\"wp-block-heading\"><span style=\"color:#0693e3\" class=\"tadv-color\">Acesso \u00e0 rede Wifi<\/span><\/h2>\n\n\n\n<p>O acesso dos alunos \u00e0 rede de internet nas depend\u00eancias do campus est\u00e1 liberada para os alunos matriculados e ingressantes. Para realizar o primeiro acesso, basta se conectar \u00e0 rede <em><strong>IfrsAlunos<\/strong><\/em> e, ao entrar no navegador, logar com os respectivos usu\u00e1rio e senha:<\/p>\n\n\n\n<ul class=\"wp-block-list\"><li><strong>Usu\u00e1rio<\/strong>: n\u00famero do CPF (apenas os n\u00fameros)<\/li><li><strong>Senha<\/strong>: n\u00famero de matr\u00edcula<\/li><\/ul>\n\n\n\n<p style=\"text-align:right\"><em>Fonte: TI do IFRS, campus Ibirub\u00e1<\/em><\/p>\n\n\n\n<div class=\"wp-block-image\"><figure class=\"alignright is-resized\"><img loading=\"lazy\" decoding=\"async\" src=\"http:\/\/eletrotecnica.ibiruba.ifrs.edu.br\/wp-content\/uploads\/2019\/06\/IFlogo_horizontal-300x83.png\" alt=\"T\u00e9cnico em Eletrot\u00e9cnica IFRS IBIRUB\u00c1\" class=\"wp-image-1176\" width=\"150\" height=\"42\" srcset=\"https:\/\/eletrotecnica.ibiruba.ifrs.edu.br\/wp-content\/uploads\/2019\/06\/IFlogo_horizontal-300x83.png 300w, https:\/\/eletrotecnica.ibiruba.ifrs.edu.br\/wp-content\/uploads\/2019\/06\/IFlogo_horizontal-768x213.png 768w, https:\/\/eletrotecnica.ibiruba.ifrs.edu.br\/wp-content\/uploads\/2019\/06\/IFlogo_horizontal-1024x284.png 1024w\" sizes=\"auto, (max-width: 150px) 100vw, 150px\" \/><\/figure><\/div>\n","protected":false},"excerpt":{"rendered":"<p>As disciplinas 2020\/1 j\u00e1 est\u00e3o dispon\u00edveis na plataforma Moodle As disciplinas para o semestre de 2020\/1 j\u00e1 est\u00e3o dispon\u00edveis na plataforma Moodle. Acesse a disciplina em que est\u00e1 matriculado e use a senha: ELE2020 Dica: para facilitar o acompanhamento do seu desempenho nas disciplinas, instale o App oficial Moodle, diretamente na sua App Store ou [&hellip;]<\/p>\n","protected":false},"author":1,"featured_media":1084,"parent":0,"menu_order":0,"comment_status":"closed","ping_status":"closed","template":"","meta":{"footnotes":""},"class_list":["post-243","page","type-page","status-publish","has-post-thumbnail","hentry"],"_links":{"self":[{"href":"https:\/\/eletrotecnica.ibiruba.ifrs.edu.br\/index.php\/wp-json\/wp\/v2\/pages\/243","targetHints":{"allow":["GET"]}}],"collection":[{"href":"https:\/\/eletrotecnica.ibiruba.ifrs.edu.br\/index.php\/wp-json\/wp\/v2\/pages"}],"about":[{"href":"https:\/\/eletrotecnica.ibiruba.ifrs.edu.br\/index.php\/wp-json\/wp\/v2\/types\/page"}],"author":[{"embeddable":true,"href":"https:\/\/eletrotecnica.ibiruba.ifrs.edu.br\/index.php\/wp-json\/wp\/v2\/users\/1"}],"replies":[{"embeddable":true,"href":"https:\/\/eletrotecnica.ibiruba.ifrs.edu.br\/index.php\/wp-json\/wp\/v2\/comments?post=243"}],"version-history":[{"count":178,"href":"https:\/\/eletrotecnica.ibiruba.ifrs.edu.br\/index.php\/wp-json\/wp\/v2\/pages\/243\/revisions"}],"predecessor-version":[{"id":1972,"href":"https:\/\/eletrotecnica.ibiruba.ifrs.edu.br\/index.php\/wp-json\/wp\/v2\/pages\/243\/revisions\/1972"}],"wp:featuredmedia":[{"embeddable":true,"href":"https:\/\/eletrotecnica.ibiruba.ifrs.edu.br\/index.php\/wp-json\/wp\/v2\/media\/1084"}],"wp:attachment":[{"href":"https:\/\/eletrotecnica.ibiruba.ifrs.edu.br\/index.php\/wp-json\/wp\/v2\/media?parent=243"}],"curies":[{"name":"wp","href":"https:\/\/api.w.org\/{rel}","templated":true}]}}